{"id":265,"date":"2017-05-17T18:31:43","date_gmt":"2017-05-17T16:31:43","guid":{"rendered":"http:\/\/maslacentral.com\/casaments\/"},"modified":"2017-07-06T18:01:36","modified_gmt":"2017-07-06T16:01:36","slug":"bodas-ceremonias-en-la-garrotxa","status":"publish","type":"page","link":"https:\/\/maslacentral.com\/es\/bodas-ceremonias-en-la-garrotxa\/","title":{"rendered":"Bodas"},"content":{"rendered":"","protected":false},"excerpt":{"rendered":"","protected":false},"author":1,"featured_media":0,"parent":0,"menu_order":2,"comment_status":"closed","ping_status":"closed","template":"","meta":{"_acf_changed":false,"generate_page_header":"","footnotes":""},"class_list":["post-265","page","type-page","status-publish"],"acf":[],"yoast_head":"<!-- This site is optimized with the Yoast SEO plugin v27.3 - https:\/\/yoast.com\/product\/yoast-seo-wordpress\/ -->\n<title>Bodas en la Garrotxa, ceremonias y sala de banquetes<\/title>\n<meta name=\"description\" content=\"Ad\u00e9ntrate en el entorno natural \u00fanico de la Garrrotxa y disfruta del d\u00eda de tu boda en un paraje inmejorable. D\u00e9jate encantar por su belleza\" \/>\n<meta name=\"robots\" content=\"index, follow, max-snippet:-1, max-image-preview:large, max-video-preview:-1\" \/>\n<link rel=\"canonical\" href=\"https:\/\/maslacentral.com\/es\/bodas-ceremonias-en-la-garrotxa\/\" \/>\n<meta property=\"og:locale\" content=\"es_ES\" \/>\n<meta property=\"og:type\" content=\"article\" \/>\n<meta property=\"og:title\" content=\"Bodas en la Garrotxa, ceremonias y sala de banquetes\" \/>\n<meta property=\"og:description\" content=\"Ad\u00e9ntrate en el entorno natural \u00fanico de la Garrrotxa y disfruta del d\u00eda de tu boda en un paraje inmejorable. D\u00e9jate encantar por su belleza\" \/>\n<meta property=\"og:url\" content=\"https:\/\/maslacentral.com\/es\/bodas-ceremonias-en-la-garrotxa\/\" \/>\n<meta property=\"og:site_name\" content=\"Mas La Central\" \/>\n<meta property=\"article:modified_time\" content=\"2017-07-06T16:01:36+00:00\" \/>\n<meta name=\"twitter:card\" content=\"summary_large_image\" \/>\n<script type=\"application\/ld+json\" class=\"yoast-schema-graph\">{\"@context\":\"https:\\\/\\\/schema.org\",\"@graph\":[{\"@type\":\"WebPage\",\"@id\":\"https:\\\/\\\/maslacentral.com\\\/es\\\/bodas-ceremonias-en-la-garrotxa\\\/\",\"url\":\"https:\\\/\\\/maslacentral.com\\\/es\\\/bodas-ceremonias-en-la-garrotxa\\\/\",\"name\":\"Bodas en la Garrotxa, ceremonias y sala de banquetes\",\"isPartOf\":{\"@id\":\"https:\\\/\\\/maslacentral.com\\\/es\\\/#website\"},\"datePublished\":\"2017-05-17T16:31:43+00:00\",\"dateModified\":\"2017-07-06T16:01:36+00:00\",\"description\":\"Ad\u00e9ntrate en el entorno natural \u00fanico de la Garrrotxa y disfruta del d\u00eda de tu boda en un paraje inmejorable. D\u00e9jate encantar por su belleza\",\"breadcrumb\":{\"@id\":\"https:\\\/\\\/maslacentral.com\\\/es\\\/bodas-ceremonias-en-la-garrotxa\\\/#breadcrumb\"},\"inLanguage\":\"es\",\"potentialAction\":[{\"@type\":\"ReadAction\",\"target\":[\"https:\\\/\\\/maslacentral.com\\\/es\\\/bodas-ceremonias-en-la-garrotxa\\\/\"]}]},{\"@type\":\"BreadcrumbList\",\"@id\":\"https:\\\/\\\/maslacentral.com\\\/es\\\/bodas-ceremonias-en-la-garrotxa\\\/#breadcrumb\",\"itemListElement\":[{\"@type\":\"ListItem\",\"position\":1,\"name\":\"Inici\",\"item\":\"https:\\\/\\\/maslacentral.com\\\/es\\\/\"},{\"@type\":\"ListItem\",\"position\":2,\"name\":\"Bodas\"}]},{\"@type\":\"WebSite\",\"@id\":\"https:\\\/\\\/maslacentral.com\\\/es\\\/#website\",\"url\":\"https:\\\/\\\/maslacentral.com\\\/es\\\/\",\"name\":\"Mas La Central\",\"description\":\"\",\"publisher\":{\"@id\":\"https:\\\/\\\/maslacentral.com\\\/es\\\/#organization\"},\"potentialAction\":[{\"@type\":\"SearchAction\",\"target\":{\"@type\":\"EntryPoint\",\"urlTemplate\":\"https:\\\/\\\/maslacentral.com\\\/es\\\/?s={search_term_string}\"},\"query-input\":{\"@type\":\"PropertyValueSpecification\",\"valueRequired\":true,\"valueName\":\"search_term_string\"}}],\"inLanguage\":\"es\"},{\"@type\":\"Organization\",\"@id\":\"https:\\\/\\\/maslacentral.com\\\/es\\\/#organization\",\"name\":\"Mas La Central\",\"url\":\"https:\\\/\\\/maslacentral.com\\\/es\\\/\",\"logo\":{\"@type\":\"ImageObject\",\"inLanguage\":\"es\",\"@id\":\"https:\\\/\\\/maslacentral.com\\\/es\\\/#\\\/schema\\\/logo\\\/image\\\/\",\"url\":\"https:\\\/\\\/maslacentral.com\\\/wp-content\\\/uploads\\\/2017\\\/05\\\/logo-mas-la-central-1.png\",\"contentUrl\":\"https:\\\/\\\/maslacentral.com\\\/wp-content\\\/uploads\\\/2017\\\/05\\\/logo-mas-la-central-1.png\",\"width\":400,\"height\":30,\"caption\":\"Mas La Central\"},\"image\":{\"@id\":\"https:\\\/\\\/maslacentral.com\\\/es\\\/#\\\/schema\\\/logo\\\/image\\\/\"}}]}<\/script>\n<!-- \/ Yoast SEO plugin. -->","yoast_head_json":{"title":"Bodas en la Garrotxa, ceremonias y sala de banquetes","description":"Ad\u00e9ntrate en el entorno natural \u00fanico de la Garrrotxa y disfruta del d\u00eda de tu boda en un paraje inmejorable. D\u00e9jate encantar por su belleza","robots":{"index":"index","follow":"follow","max-snippet":"max-snippet:-1","max-image-preview":"max-image-preview:large","max-video-preview":"max-video-preview:-1"},"canonical":"https:\/\/maslacentral.com\/es\/bodas-ceremonias-en-la-garrotxa\/","og_locale":"es_ES","og_type":"article","og_title":"Bodas en la Garrotxa, ceremonias y sala de banquetes","og_description":"Ad\u00e9ntrate en el entorno natural \u00fanico de la Garrrotxa y disfruta del d\u00eda de tu boda en un paraje inmejorable. D\u00e9jate encantar por su belleza","og_url":"https:\/\/maslacentral.com\/es\/bodas-ceremonias-en-la-garrotxa\/","og_site_name":"Mas La Central","article_modified_time":"2017-07-06T16:01:36+00:00","twitter_card":"summary_large_image","schema":{"@context":"https:\/\/schema.org","@graph":[{"@type":"WebPage","@id":"https:\/\/maslacentral.com\/es\/bodas-ceremonias-en-la-garrotxa\/","url":"https:\/\/maslacentral.com\/es\/bodas-ceremonias-en-la-garrotxa\/","name":"Bodas en la Garrotxa, ceremonias y sala de banquetes","isPartOf":{"@id":"https:\/\/maslacentral.com\/es\/#website"},"datePublished":"2017-05-17T16:31:43+00:00","dateModified":"2017-07-06T16:01:36+00:00","description":"Ad\u00e9ntrate en el entorno natural \u00fanico de la Garrrotxa y disfruta del d\u00eda de tu boda en un paraje inmejorable. D\u00e9jate encantar por su belleza","breadcrumb":{"@id":"https:\/\/maslacentral.com\/es\/bodas-ceremonias-en-la-garrotxa\/#breadcrumb"},"inLanguage":"es","potentialAction":[{"@type":"ReadAction","target":["https:\/\/maslacentral.com\/es\/bodas-ceremonias-en-la-garrotxa\/"]}]},{"@type":"BreadcrumbList","@id":"https:\/\/maslacentral.com\/es\/bodas-ceremonias-en-la-garrotxa\/#breadcrumb","itemListElement":[{"@type":"ListItem","position":1,"name":"Inici","item":"https:\/\/maslacentral.com\/es\/"},{"@type":"ListItem","position":2,"name":"Bodas"}]},{"@type":"WebSite","@id":"https:\/\/maslacentral.com\/es\/#website","url":"https:\/\/maslacentral.com\/es\/","name":"Mas La Central","description":"","publisher":{"@id":"https:\/\/maslacentral.com\/es\/#organization"},"potentialAction":[{"@type":"SearchAction","target":{"@type":"EntryPoint","urlTemplate":"https:\/\/maslacentral.com\/es\/?s={search_term_string}"},"query-input":{"@type":"PropertyValueSpecification","valueRequired":true,"valueName":"search_term_string"}}],"inLanguage":"es"},{"@type":"Organization","@id":"https:\/\/maslacentral.com\/es\/#organization","name":"Mas La Central","url":"https:\/\/maslacentral.com\/es\/","logo":{"@type":"ImageObject","inLanguage":"es","@id":"https:\/\/maslacentral.com\/es\/#\/schema\/logo\/image\/","url":"https:\/\/maslacentral.com\/wp-content\/uploads\/2017\/05\/logo-mas-la-central-1.png","contentUrl":"https:\/\/maslacentral.com\/wp-content\/uploads\/2017\/05\/logo-mas-la-central-1.png","width":400,"height":30,"caption":"Mas La Central"},"image":{"@id":"https:\/\/maslacentral.com\/es\/#\/schema\/logo\/image\/"}}]}},"_links":{"self":[{"href":"https:\/\/maslacentral.com\/es\/wp-json\/wp\/v2\/pages\/265","targetHints":{"allow":["GET"]}}],"collection":[{"href":"https:\/\/maslacentral.com\/es\/wp-json\/wp\/v2\/pages"}],"about":[{"href":"https:\/\/maslacentral.com\/es\/wp-json\/wp\/v2\/types\/page"}],"author":[{"embeddable":true,"href":"https:\/\/maslacentral.com\/es\/wp-json\/wp\/v2\/users\/1"}],"replies":[{"embeddable":true,"href":"https:\/\/maslacentral.com\/es\/wp-json\/wp\/v2\/comments?post=265"}],"version-history":[{"count":0,"href":"https:\/\/maslacentral.com\/es\/wp-json\/wp\/v2\/pages\/265\/revisions"}],"wp:attachment":[{"href":"https:\/\/maslacentral.com\/es\/wp-json\/wp\/v2\/media?parent=265"}],"curies":[{"name":"wp","href":"https:\/\/api.w.org\/{rel}","templated":true}]}}