{"id":277,"date":"2017-06-20T19:06:54","date_gmt":"2017-06-20T17:06:54","guid":{"rendered":"http:\/\/maslacentral.com\/avis-legal\/"},"modified":"2017-06-27T16:16:35","modified_gmt":"2017-06-27T14:16:35","slug":"aviso-legal","status":"publish","type":"page","link":"https:\/\/maslacentral.com\/es\/aviso-legal\/","title":{"rendered":"Aviso legal"},"content":{"rendered":"<p>Informaci\u00f3n general<\/p>\n<p>El sitio web www.maslacentral.com es propiedad de la empresa CRISCATERING, S.L.U., con CIF B-55064091 y domicilio fiscal en Carrer del Mol\u00ed, 30 \u2013 Nau 1 \u00b7 Pol\u00edgon Industrial de Begud\u00e0 \u00b7 17857 SANT JOAN LES FONTS<\/p>\n<p>Propiedad intelectual y uso de los contenidos<\/p>\n<p>La totalidad del contenido de este sitio web est\u00e1 protegido por derechos de propiedad industrial e intelectual y son propiedad de CRISCATERING, S.L.U. o de terceros que hayan autorizado el uso de dichos contenidos. Queda prohibida la reproducci\u00f3n, la comunicaci\u00f3n o distribuci\u00f3n de los materiales incluidos en este sitio web sin autorizaci\u00f3n expresa de CRISCATERING, S.L.U.<\/p>\n<p>Protecci\u00f3n de datos<\/p>\n<p>De conformidad con lo dispuesto en la Ley Org\u00e1nica 15\/1999, de 13 de diciembre, de Protecci\u00f3n de Datos de Car\u00e1cter Personal (LOPD), informamos que sus datos personales se incorporar\u00e1n a ficheros titularidad deCRISCATERING, S.L.U. con la finalidad de poder atender adecuadamente sus peticiones de informaci\u00f3n.<\/p>\n<p>Per exercitar els drets d\u2019acc\u00e9s, rectificaci\u00f3, cancel\u00b7laci\u00f3 i oposici\u00f3 que contempla la Llei pot adre\u00e7ar-se per escrit a CRISCATERING, S.L.U.\u2013 Carrer del Mol\u00ed, 30 \u2013 Nau 1 \u00b7 Pol\u00edgon Industrial de Begud\u00e0 \u00b7 17857 SANT JOAN LES FONTS. Tambi\u00e9n puede ponerse en contacto a trav\u00e9s del correo electr\u00f3nico info@criscatering.com<\/p>\n<p>Limitaciones o exclusiones de responsabilidad<\/p>\n<p>CRISCATERING, S.L.U. no se hace responsable de la informaci\u00f3n que se puede obtener a trav\u00e9s de enlaces a sitios web o sistemas externos.<\/p>\n<p>CRISCATERING, S.L.U. no se hace responsable de los da\u00f1os causados a los usuarios por el acceso al sitio web o por la imposibilidad de acceder.<\/p>\n","protected":false},"excerpt":{"rendered":"<p>Informaci\u00f3n general El sitio web www.maslacentral.com es propiedad de la empresa CRISCATERING, S.L.U., con CIF B-55064091 y domicilio fiscal en Carrer del Mol\u00ed, 30 \u2013 Nau 1 \u00b7 Pol\u00edgon Industrial de Begud\u00e0 \u00b7 17857 SANT JOAN LES FONTS Propiedad intelectual y uso de los contenidos La totalidad del contenido de este sitio web est\u00e1 protegido &#8230; <a title=\"Aviso legal\" class=\"read-more\" href=\"https:\/\/maslacentral.com\/es\/aviso-legal\/\" aria-label=\"Leer m\u00e1s sobre Aviso legal\">Leer m\u00e1s<\/a><\/p>\n","protected":false},"author":1,"featured_media":0,"parent":0,"menu_order":100,"comment_status":"closed","ping_status":"closed","template":"","meta":{"_acf_changed":false,"generate_page_header":"","footnotes":""},"class_list":["post-277","page","type-page","status-publish"],"acf":[],"yoast_head":"<!-- This site is optimized with the Yoast SEO plugin v27.3 - https:\/\/yoast.com\/product\/yoast-seo-wordpress\/ -->\n<title>Aviso legal - Mas La Central<\/title>\n<meta name=\"robots\" content=\"noindex, nofollow\" \/>\n<meta property=\"og:locale\" content=\"es_ES\" \/>\n<meta property=\"og:type\" content=\"article\" \/>\n<meta property=\"og:title\" content=\"Aviso legal - Mas La Central\" \/>\n<meta property=\"og:description\" content=\"Informaci\u00f3n general El sitio web www.maslacentral.com es propiedad de la empresa CRISCATERING, S.L.U., con CIF B-55064091 y domicilio fiscal en Carrer del Mol\u00ed, 30 \u2013 Nau 1 \u00b7 Pol\u00edgon Industrial de Begud\u00e0 \u00b7 17857 SANT JOAN LES FONTS Propiedad intelectual y uso de los contenidos La totalidad del contenido de este sitio web est\u00e1 protegido ... Leer m\u00e1s\" \/>\n<meta property=\"og:url\" content=\"https:\/\/maslacentral.com\/es\/aviso-legal\/\" \/>\n<meta property=\"og:site_name\" content=\"Mas La Central\" \/>\n<meta property=\"article:modified_time\" content=\"2017-06-27T14:16:35+00:00\" \/>\n<meta name=\"twitter:card\" content=\"summary_large_image\" \/>\n<meta name=\"twitter:label1\" content=\"Tiempo de lectura\" \/>\n\t<meta name=\"twitter:data1\" content=\"1 minuto\" \/>\n<script type=\"application\/ld+json\" class=\"yoast-schema-graph\">{\"@context\":\"https:\\\/\\\/schema.org\",\"@graph\":[{\"@type\":\"WebPage\",\"@id\":\"https:\\\/\\\/maslacentral.com\\\/es\\\/aviso-legal\\\/\",\"url\":\"https:\\\/\\\/maslacentral.com\\\/es\\\/aviso-legal\\\/\",\"name\":\"Aviso legal - Mas La Central\",\"isPartOf\":{\"@id\":\"https:\\\/\\\/maslacentral.com\\\/es\\\/#website\"},\"datePublished\":\"2017-06-20T17:06:54+00:00\",\"dateModified\":\"2017-06-27T14:16:35+00:00\",\"breadcrumb\":{\"@id\":\"https:\\\/\\\/maslacentral.com\\\/es\\\/aviso-legal\\\/#breadcrumb\"},\"inLanguage\":\"es\",\"potentialAction\":[{\"@type\":\"ReadAction\",\"target\":[\"https:\\\/\\\/maslacentral.com\\\/es\\\/aviso-legal\\\/\"]}]},{\"@type\":\"BreadcrumbList\",\"@id\":\"https:\\\/\\\/maslacentral.com\\\/es\\\/aviso-legal\\\/#breadcrumb\",\"itemListElement\":[{\"@type\":\"ListItem\",\"position\":1,\"name\":\"Inici\",\"item\":\"https:\\\/\\\/maslacentral.com\\\/es\\\/\"},{\"@type\":\"ListItem\",\"position\":2,\"name\":\"Aviso legal\"}]},{\"@type\":\"WebSite\",\"@id\":\"https:\\\/\\\/maslacentral.com\\\/es\\\/#website\",\"url\":\"https:\\\/\\\/maslacentral.com\\\/es\\\/\",\"name\":\"Mas La Central\",\"description\":\"\",\"publisher\":{\"@id\":\"https:\\\/\\\/maslacentral.com\\\/es\\\/#organization\"},\"potentialAction\":[{\"@type\":\"SearchAction\",\"target\":{\"@type\":\"EntryPoint\",\"urlTemplate\":\"https:\\\/\\\/maslacentral.com\\\/es\\\/?s={search_term_string}\"},\"query-input\":{\"@type\":\"PropertyValueSpecification\",\"valueRequired\":true,\"valueName\":\"search_term_string\"}}],\"inLanguage\":\"es\"},{\"@type\":\"Organization\",\"@id\":\"https:\\\/\\\/maslacentral.com\\\/es\\\/#organization\",\"name\":\"Mas La Central\",\"url\":\"https:\\\/\\\/maslacentral.com\\\/es\\\/\",\"logo\":{\"@type\":\"ImageObject\",\"inLanguage\":\"es\",\"@id\":\"https:\\\/\\\/maslacentral.com\\\/es\\\/#\\\/schema\\\/logo\\\/image\\\/\",\"url\":\"https:\\\/\\\/maslacentral.com\\\/wp-content\\\/uploads\\\/2017\\\/05\\\/logo-mas-la-central-1.png\",\"contentUrl\":\"https:\\\/\\\/maslacentral.com\\\/wp-content\\\/uploads\\\/2017\\\/05\\\/logo-mas-la-central-1.png\",\"width\":400,\"height\":30,\"caption\":\"Mas La Central\"},\"image\":{\"@id\":\"https:\\\/\\\/maslacentral.com\\\/es\\\/#\\\/schema\\\/logo\\\/image\\\/\"}}]}<\/script>\n<!-- \/ Yoast SEO plugin. -->","yoast_head_json":{"title":"Aviso legal - Mas La Central","robots":{"index":"noindex","follow":"nofollow"},"og_locale":"es_ES","og_type":"article","og_title":"Aviso legal - Mas La Central","og_description":"Informaci\u00f3n general El sitio web www.maslacentral.com es propiedad de la empresa CRISCATERING, S.L.U., con CIF B-55064091 y domicilio fiscal en Carrer del Mol\u00ed, 30 \u2013 Nau 1 \u00b7 Pol\u00edgon Industrial de Begud\u00e0 \u00b7 17857 SANT JOAN LES FONTS Propiedad intelectual y uso de los contenidos La totalidad del contenido de este sitio web est\u00e1 protegido ... Leer m\u00e1s","og_url":"https:\/\/maslacentral.com\/es\/aviso-legal\/","og_site_name":"Mas La Central","article_modified_time":"2017-06-27T14:16:35+00:00","twitter_card":"summary_large_image","twitter_misc":{"Tiempo de lectura":"1 minuto"},"schema":{"@context":"https:\/\/schema.org","@graph":[{"@type":"WebPage","@id":"https:\/\/maslacentral.com\/es\/aviso-legal\/","url":"https:\/\/maslacentral.com\/es\/aviso-legal\/","name":"Aviso legal - Mas La Central","isPartOf":{"@id":"https:\/\/maslacentral.com\/es\/#website"},"datePublished":"2017-06-20T17:06:54+00:00","dateModified":"2017-06-27T14:16:35+00:00","breadcrumb":{"@id":"https:\/\/maslacentral.com\/es\/aviso-legal\/#breadcrumb"},"inLanguage":"es","potentialAction":[{"@type":"ReadAction","target":["https:\/\/maslacentral.com\/es\/aviso-legal\/"]}]},{"@type":"BreadcrumbList","@id":"https:\/\/maslacentral.com\/es\/aviso-legal\/#breadcrumb","itemListElement":[{"@type":"ListItem","position":1,"name":"Inici","item":"https:\/\/maslacentral.com\/es\/"},{"@type":"ListItem","position":2,"name":"Aviso legal"}]},{"@type":"WebSite","@id":"https:\/\/maslacentral.com\/es\/#website","url":"https:\/\/maslacentral.com\/es\/","name":"Mas La Central","description":"","publisher":{"@id":"https:\/\/maslacentral.com\/es\/#organization"},"potentialAction":[{"@type":"SearchAction","target":{"@type":"EntryPoint","urlTemplate":"https:\/\/maslacentral.com\/es\/?s={search_term_string}"},"query-input":{"@type":"PropertyValueSpecification","valueRequired":true,"valueName":"search_term_string"}}],"inLanguage":"es"},{"@type":"Organization","@id":"https:\/\/maslacentral.com\/es\/#organization","name":"Mas La Central","url":"https:\/\/maslacentral.com\/es\/","logo":{"@type":"ImageObject","inLanguage":"es","@id":"https:\/\/maslacentral.com\/es\/#\/schema\/logo\/image\/","url":"https:\/\/maslacentral.com\/wp-content\/uploads\/2017\/05\/logo-mas-la-central-1.png","contentUrl":"https:\/\/maslacentral.com\/wp-content\/uploads\/2017\/05\/logo-mas-la-central-1.png","width":400,"height":30,"caption":"Mas La Central"},"image":{"@id":"https:\/\/maslacentral.com\/es\/#\/schema\/logo\/image\/"}}]}},"_links":{"self":[{"href":"https:\/\/maslacentral.com\/es\/wp-json\/wp\/v2\/pages\/277","targetHints":{"allow":["GET"]}}],"collection":[{"href":"https:\/\/maslacentral.com\/es\/wp-json\/wp\/v2\/pages"}],"about":[{"href":"https:\/\/maslacentral.com\/es\/wp-json\/wp\/v2\/types\/page"}],"author":[{"embeddable":true,"href":"https:\/\/maslacentral.com\/es\/wp-json\/wp\/v2\/users\/1"}],"replies":[{"embeddable":true,"href":"https:\/\/maslacentral.com\/es\/wp-json\/wp\/v2\/comments?post=277"}],"version-history":[{"count":0,"href":"https:\/\/maslacentral.com\/es\/wp-json\/wp\/v2\/pages\/277\/revisions"}],"wp:attachment":[{"href":"https:\/\/maslacentral.com\/es\/wp-json\/wp\/v2\/media?parent=277"}],"curies":[{"name":"wp","href":"https:\/\/api.w.org\/{rel}","templated":true}]}}